{"id":76363,"date":"2020-12-16T08:25:07","date_gmt":"2020-12-16T06:25:07","guid":{"rendered":"https:\/\/tajperf.com\/product\/la-nuit-de-lhomme-eau-electrique\/"},"modified":"2020-12-16T08:25:07","modified_gmt":"2020-12-16T06:25:07","slug":"la-nuit-de-lhomme-eau-electrique","status":"publish","type":"product","link":"https:\/\/tajperf.com\/en\/product\/la-nuit-de-lhomme-eau-electrique\/","title":{"rendered":"Yves Saint Laurent La Nuit de L\u2019Homme Eau \u00c9lectrique Perfume Substitute for Men &#8211; Composition"},"content":{"rendered":"<p style=\"text-align: justify;\">La Nuit de L&#8217;Homme Eau \u00c9lectrique. From Yves Saint Laurent. An oriental foug\u00e8re full of contrasts lies in the space between fresh classic foug\u00e8re notes and warm sensual notes in the base. It starts with the refreshing citrus bite of bergamot and mandarin with a fruity scent, with the aromatic flavor of green apple, then the classic foug\u00e8re heart appears, which consists of lavender, geranium, and tonka beans, in addition to sage and orange flowers that give the fragrance a modernity, then the base completes the sensual woody character of the perfume. The first Lanui de L&#8217;Homme consists of cedar, cashmeran, patchouli and vetiver with soft, sensual vanilla.   <\/p>\n","protected":false},"excerpt":{"rendered":"<p style=\"text-align: justify;\">It starts with the refreshing citrus bite of bergamot and mandarin with a fruity scent, with the aromatic flavor of green apple, then the classic foug\u00e8re heart appears, which consists of lavender, geranium, and tonka beans, in addition to sage and orange flowers that give the fragrance a modernity, then the base completes the sensual woody character of the perfume. The first Lanui de L&#8217;Homme consists of cedar, cashmeran, patchouli and vetiver with soft, sensual vanilla.<\/p>\n","protected":false},"featured_media":58432,"comment_status":"open","ping_status":"closed","template":"","meta":{"_acf_changed":false},"pwb-brand":[],"product_brand":[],"product_cat":[1156],"product_tag":[1445],"class_list":{"0":"post-76363","1":"product","2":"type-product","3":"status-publish","4":"has-post-thumbnail","6":"product_cat-mix-perfume","7":"product_tag-yves-saint-laurent-en","8":"pa_bottle-shap-100-1-en","9":"pa_bottle-shap-110-1-en","10":"pa_bottle-shap-110-2-en","11":"pa_bottle-shap-110-3-en","12":"pa_bottle-shap-110-4-en","13":"pa_bottle-shap-110-5-en","14":"pa_bottle-shap-110-6-en","15":"pa_bottle-shap-50-1-en","16":"pa_bottle-shap-65-1-en","17":"pa_bottle-shap-65-2-en","18":"pa_bottle-shap-65-3-en","19":"pa_bottle-shap-65-4-en","20":"pa_bottle-size-100-ml","21":"pa_bottle-size-50-ml","22":"pa_bottle-size-65-ml","23":"pa_bottle-size-110-ml","24":"pa_gender-men-perfumes","25":"pa_perf-group-aromatic-perf","26":"pa_perf-group-citrus-perf","27":"pa_perf-group-floral-perf","28":"pa_perf-group-oriental-perf","29":"pa_perf-group-wood-perf","30":"pa_perf-x-x","31":"pa_perf-x-xxx","32":"pa_perf-x-xxxx","33":"pa_perf-x-xx","34":"pa_season-spring","35":"pa_season-summer","36":"pa_season-winter","38":"first","39":"instock","40":"shipping-taxable","41":"purchasable","42":"product-type-variable"},"acf":[],"yoast_head":"<!-- This site is optimized with the Yoast SEO plugin v27.4 - https:\/\/yoast.com\/product\/yoast-seo-wordpress\/ -->\n<title>Yves Saint Laurent La Nuit de L\u2019Homme Eau \u00c9lectrique Perfume Substitute for Men - Composition - TAJ Brand<\/title>\n<meta name=\"description\" content=\"La Nuit de L\u2019Homme Eau \u00c9lectrique perfume. I am Yves Saint Laurent.\" \/>\n<meta name=\"robots\" content=\"index, follow, max-snippet:-1, max-image-preview:large, max-video-preview:-1\" \/>\n<link rel=\"canonical\" href=\"https:\/\/tajperf.com\/en\/product\/la-nuit-de-lhomme-eau-electrique\/\" \/>\n<meta property=\"og:locale\" content=\"en_US\" \/>\n<meta property=\"og:type\" content=\"article\" \/>\n<meta property=\"og:title\" content=\"Yves Saint Laurent La Nuit de L\u2019Homme Eau \u00c9lectrique Perfume Substitute for Men - Composition - TAJ Brand\" \/>\n<meta property=\"og:description\" content=\"La Nuit de L\u2019Homme Eau \u00c9lectrique perfume. I am Yves Saint Laurent.\" \/>\n<meta property=\"og:url\" content=\"https:\/\/tajperf.com\/en\/product\/la-nuit-de-lhomme-eau-electrique\/\" \/>\n<meta property=\"og:site_name\" content=\"TAJ Brand\" \/>\n<meta property=\"article:publisher\" content=\"https:\/\/www.facebook.com\/Tajperf\/\" \/>\n<meta property=\"og:image\" content=\"https:\/\/i0.wp.com\/tajperf.com\/wp-content\/uploads\/2020\/12\/La-Nuit-de-LHomme-Eau-Electrique.png?fit=500%2C400&ssl=1\" \/>\n\t<meta property=\"og:image:width\" content=\"500\" \/>\n\t<meta property=\"og:image:height\" content=\"400\" \/>\n\t<meta property=\"og:image:type\" content=\"image\/png\" \/>\n<meta name=\"twitter:card\" content=\"summary_large_image\" \/>\n<meta name=\"twitter:label1\" content=\"Est. reading time\" \/>\n\t<meta name=\"twitter:data1\" content=\"1 minute\" \/>\n<script type=\"application\/ld+json\" class=\"yoast-schema-graph\">{\"@context\":\"https:\\\/\\\/schema.org\",\"@graph\":[{\"@type\":\"WebPage\",\"@id\":\"https:\\\/\\\/tajperf.com\\\/en\\\/product\\\/la-nuit-de-lhomme-eau-electrique\\\/\",\"url\":\"https:\\\/\\\/tajperf.com\\\/en\\\/product\\\/la-nuit-de-lhomme-eau-electrique\\\/\",\"name\":\"Yves Saint Laurent La Nuit de L\u2019Homme Eau \u00c9lectrique Perfume Substitute for Men - Composition - TAJ Brand\",\"isPartOf\":{\"@id\":\"https:\\\/\\\/tajperf.com\\\/en\\\/#website\"},\"primaryImageOfPage\":{\"@id\":\"https:\\\/\\\/tajperf.com\\\/en\\\/product\\\/la-nuit-de-lhomme-eau-electrique\\\/#primaryimage\"},\"image\":{\"@id\":\"https:\\\/\\\/tajperf.com\\\/en\\\/product\\\/la-nuit-de-lhomme-eau-electrique\\\/#primaryimage\"},\"thumbnailUrl\":\"https:\\\/\\\/i0.wp.com\\\/tajperf.com\\\/wp-content\\\/uploads\\\/2020\\\/12\\\/La-Nuit-de-LHomme-Eau-Electrique.png?fit=500%2C400&ssl=1\",\"datePublished\":\"2020-12-16T06:25:07+00:00\",\"description\":\"La Nuit de L\u2019Homme Eau \u00c9lectrique perfume. I am Yves Saint Laurent.\",\"breadcrumb\":{\"@id\":\"https:\\\/\\\/tajperf.com\\\/en\\\/product\\\/la-nuit-de-lhomme-eau-electrique\\\/#breadcrumb\"},\"inLanguage\":\"en-US\",\"potentialAction\":[{\"@type\":\"ReadAction\",\"target\":[\"https:\\\/\\\/tajperf.com\\\/en\\\/product\\\/la-nuit-de-lhomme-eau-electrique\\\/\"]}]},{\"@type\":\"ImageObject\",\"inLanguage\":\"en-US\",\"@id\":\"https:\\\/\\\/tajperf.com\\\/en\\\/product\\\/la-nuit-de-lhomme-eau-electrique\\\/#primaryimage\",\"url\":\"https:\\\/\\\/i0.wp.com\\\/tajperf.com\\\/wp-content\\\/uploads\\\/2020\\\/12\\\/La-Nuit-de-LHomme-Eau-Electrique.png?fit=500%2C400&ssl=1\",\"contentUrl\":\"https:\\\/\\\/i0.wp.com\\\/tajperf.com\\\/wp-content\\\/uploads\\\/2020\\\/12\\\/La-Nuit-de-LHomme-Eau-Electrique.png?fit=500%2C400&ssl=1\",\"width\":500,\"height\":400},{\"@type\":\"BreadcrumbList\",\"@id\":\"https:\\\/\\\/tajperf.com\\\/en\\\/product\\\/la-nuit-de-lhomme-eau-electrique\\\/#breadcrumb\",\"itemListElement\":[{\"@type\":\"ListItem\",\"position\":1,\"name\":\"Home\",\"item\":\"https:\\\/\\\/tajperf.com\\\/en\\\/taj\\\/\"},{\"@type\":\"ListItem\",\"position\":2,\"name\":\"Shop\",\"item\":\"https:\\\/\\\/tajperf.com\\\/en\\\/shop-2\\\/\"},{\"@type\":\"ListItem\",\"position\":3,\"name\":\"Yves Saint Laurent La Nuit de L\u2019Homme Eau \u00c9lectrique Perfume Substitute for Men &#8211; Composition\"}]},{\"@type\":\"WebSite\",\"@id\":\"https:\\\/\\\/tajperf.com\\\/en\\\/#website\",\"url\":\"https:\\\/\\\/tajperf.com\\\/en\\\/\",\"name\":\"Taj Pefumes \u062a\u0627\u062c \u0644\u0644\u0639\u0637\u0648\u0631\",\"description\":\"TAJ | Shop Perfumes | Silver | Watches | Jordan\",\"publisher\":{\"@id\":\"https:\\\/\\\/tajperf.com\\\/en\\\/#organization\"},\"potentialAction\":[{\"@type\":\"SearchAction\",\"target\":{\"@type\":\"EntryPoint\",\"urlTemplate\":\"https:\\\/\\\/tajperf.com\\\/en\\\/?s={search_term_string}\"},\"query-input\":{\"@type\":\"PropertyValueSpecification\",\"valueRequired\":true,\"valueName\":\"search_term_string\"}}],\"inLanguage\":\"en-US\"},{\"@type\":\"Organization\",\"@id\":\"https:\\\/\\\/tajperf.com\\\/en\\\/#organization\",\"name\":\"Taj Perf \u062a\u0627\u062c \u0644\u0644\u0639\u0637\u0648\u0631\",\"url\":\"https:\\\/\\\/tajperf.com\\\/en\\\/\",\"logo\":{\"@type\":\"ImageObject\",\"inLanguage\":\"en-US\",\"@id\":\"https:\\\/\\\/tajperf.com\\\/en\\\/#\\\/schema\\\/logo\\\/image\\\/\",\"url\":\"https:\\\/\\\/i0.wp.com\\\/tajperf.com\\\/wp-content\\\/uploads\\\/2020\\\/10\\\/taj-logo-WS-e1604261449442.jpg?fit=90%2C55&ssl=1\",\"contentUrl\":\"https:\\\/\\\/i0.wp.com\\\/tajperf.com\\\/wp-content\\\/uploads\\\/2020\\\/10\\\/taj-logo-WS-e1604261449442.jpg?fit=90%2C55&ssl=1\",\"width\":90,\"height\":55,\"caption\":\"Taj Perf \u062a\u0627\u062c \u0644\u0644\u0639\u0637\u0648\u0631\"},\"image\":{\"@id\":\"https:\\\/\\\/tajperf.com\\\/en\\\/#\\\/schema\\\/logo\\\/image\\\/\"},\"sameAs\":[\"https:\\\/\\\/www.facebook.com\\\/Tajperf\\\/\",\"https:\\\/\\\/www.instagram.com\\\/Tajperf\\\/\"]}]}<\/script>\n<!-- \/ Yoast SEO plugin. -->","yoast_head_json":{"title":"Yves Saint Laurent La Nuit de L\u2019Homme Eau \u00c9lectrique Perfume Substitute for Men - Composition - TAJ Brand","description":"La Nuit de L\u2019Homme Eau \u00c9lectrique perfume. I am Yves Saint Laurent.","robots":{"index":"index","follow":"follow","max-snippet":"max-snippet:-1","max-image-preview":"max-image-preview:large","max-video-preview":"max-video-preview:-1"},"canonical":"https:\/\/tajperf.com\/en\/product\/la-nuit-de-lhomme-eau-electrique\/","og_locale":"en_US","og_type":"article","og_title":"Yves Saint Laurent La Nuit de L\u2019Homme Eau \u00c9lectrique Perfume Substitute for Men - Composition - TAJ Brand","og_description":"La Nuit de L\u2019Homme Eau \u00c9lectrique perfume. I am Yves Saint Laurent.","og_url":"https:\/\/tajperf.com\/en\/product\/la-nuit-de-lhomme-eau-electrique\/","og_site_name":"TAJ Brand","article_publisher":"https:\/\/www.facebook.com\/Tajperf\/","og_image":[{"width":500,"height":400,"url":"https:\/\/i0.wp.com\/tajperf.com\/wp-content\/uploads\/2020\/12\/La-Nuit-de-LHomme-Eau-Electrique.png?fit=500%2C400&ssl=1","type":"image\/png"}],"twitter_card":"summary_large_image","twitter_misc":{"Est. reading time":"1 minute"},"schema":{"@context":"https:\/\/schema.org","@graph":[{"@type":"WebPage","@id":"https:\/\/tajperf.com\/en\/product\/la-nuit-de-lhomme-eau-electrique\/","url":"https:\/\/tajperf.com\/en\/product\/la-nuit-de-lhomme-eau-electrique\/","name":"Yves Saint Laurent La Nuit de L\u2019Homme Eau \u00c9lectrique Perfume Substitute for Men - Composition - TAJ Brand","isPartOf":{"@id":"https:\/\/tajperf.com\/en\/#website"},"primaryImageOfPage":{"@id":"https:\/\/tajperf.com\/en\/product\/la-nuit-de-lhomme-eau-electrique\/#primaryimage"},"image":{"@id":"https:\/\/tajperf.com\/en\/product\/la-nuit-de-lhomme-eau-electrique\/#primaryimage"},"thumbnailUrl":"https:\/\/i0.wp.com\/tajperf.com\/wp-content\/uploads\/2020\/12\/La-Nuit-de-LHomme-Eau-Electrique.png?fit=500%2C400&ssl=1","datePublished":"2020-12-16T06:25:07+00:00","description":"La Nuit de L\u2019Homme Eau \u00c9lectrique perfume. I am Yves Saint Laurent.","breadcrumb":{"@id":"https:\/\/tajperf.com\/en\/product\/la-nuit-de-lhomme-eau-electrique\/#breadcrumb"},"inLanguage":"en-US","potentialAction":[{"@type":"ReadAction","target":["https:\/\/tajperf.com\/en\/product\/la-nuit-de-lhomme-eau-electrique\/"]}]},{"@type":"ImageObject","inLanguage":"en-US","@id":"https:\/\/tajperf.com\/en\/product\/la-nuit-de-lhomme-eau-electrique\/#primaryimage","url":"https:\/\/i0.wp.com\/tajperf.com\/wp-content\/uploads\/2020\/12\/La-Nuit-de-LHomme-Eau-Electrique.png?fit=500%2C400&ssl=1","contentUrl":"https:\/\/i0.wp.com\/tajperf.com\/wp-content\/uploads\/2020\/12\/La-Nuit-de-LHomme-Eau-Electrique.png?fit=500%2C400&ssl=1","width":500,"height":400},{"@type":"BreadcrumbList","@id":"https:\/\/tajperf.com\/en\/product\/la-nuit-de-lhomme-eau-electrique\/#breadcrumb","itemListElement":[{"@type":"ListItem","position":1,"name":"Home","item":"https:\/\/tajperf.com\/en\/taj\/"},{"@type":"ListItem","position":2,"name":"Shop","item":"https:\/\/tajperf.com\/en\/shop-2\/"},{"@type":"ListItem","position":3,"name":"Yves Saint Laurent La Nuit de L\u2019Homme Eau \u00c9lectrique Perfume Substitute for Men &#8211; Composition"}]},{"@type":"WebSite","@id":"https:\/\/tajperf.com\/en\/#website","url":"https:\/\/tajperf.com\/en\/","name":"Taj Pefumes \u062a\u0627\u062c \u0644\u0644\u0639\u0637\u0648\u0631","description":"TAJ | Shop Perfumes | Silver | Watches | Jordan","publisher":{"@id":"https:\/\/tajperf.com\/en\/#organization"},"potentialAction":[{"@type":"SearchAction","target":{"@type":"EntryPoint","urlTemplate":"https:\/\/tajperf.com\/en\/?s={search_term_string}"},"query-input":{"@type":"PropertyValueSpecification","valueRequired":true,"valueName":"search_term_string"}}],"inLanguage":"en-US"},{"@type":"Organization","@id":"https:\/\/tajperf.com\/en\/#organization","name":"Taj Perf \u062a\u0627\u062c \u0644\u0644\u0639\u0637\u0648\u0631","url":"https:\/\/tajperf.com\/en\/","logo":{"@type":"ImageObject","inLanguage":"en-US","@id":"https:\/\/tajperf.com\/en\/#\/schema\/logo\/image\/","url":"https:\/\/i0.wp.com\/tajperf.com\/wp-content\/uploads\/2020\/10\/taj-logo-WS-e1604261449442.jpg?fit=90%2C55&ssl=1","contentUrl":"https:\/\/i0.wp.com\/tajperf.com\/wp-content\/uploads\/2020\/10\/taj-logo-WS-e1604261449442.jpg?fit=90%2C55&ssl=1","width":90,"height":55,"caption":"Taj Perf \u062a\u0627\u062c \u0644\u0644\u0639\u0637\u0648\u0631"},"image":{"@id":"https:\/\/tajperf.com\/en\/#\/schema\/logo\/image\/"},"sameAs":["https:\/\/www.facebook.com\/Tajperf\/","https:\/\/www.instagram.com\/Tajperf\/"]}]}},"jetpack_sharing_enabled":true,"brands":[],"_links":{"self":[{"href":"https:\/\/tajperf.com\/en\/wp-json\/wp\/v2\/product\/76363","targetHints":{"allow":["GET"]}}],"collection":[{"href":"https:\/\/tajperf.com\/en\/wp-json\/wp\/v2\/product"}],"about":[{"href":"https:\/\/tajperf.com\/en\/wp-json\/wp\/v2\/types\/product"}],"replies":[{"embeddable":true,"href":"https:\/\/tajperf.com\/en\/wp-json\/wp\/v2\/comments?post=76363"}],"wp:featuredmedia":[{"embeddable":true,"href":"https:\/\/tajperf.com\/en\/wp-json\/wp\/v2\/media\/58432"}],"wp:attachment":[{"href":"https:\/\/tajperf.com\/en\/wp-json\/wp\/v2\/media?parent=76363"}],"wp:term":[{"taxonomy":"pwb-brand","embeddable":true,"href":"https:\/\/tajperf.com\/en\/wp-json\/wp\/v2\/pwb-brand?post=76363"},{"taxonomy":"product_brand","embeddable":true,"href":"https:\/\/tajperf.com\/en\/wp-json\/wp\/v2\/product_brand?post=76363"},{"taxonomy":"product_cat","embeddable":true,"href":"https:\/\/tajperf.com\/en\/wp-json\/wp\/v2\/product_cat?post=76363"},{"taxonomy":"product_tag","embeddable":true,"href":"https:\/\/tajperf.com\/en\/wp-json\/wp\/v2\/product_tag?post=76363"}],"curies":[{"name":"wp","href":"https:\/\/api.w.org\/{rel}","templated":true}]}}