{"id":80398,"date":"2020-12-06T15:47:01","date_gmt":"2020-12-06T13:47:01","guid":{"rendered":"https:\/\/tajperf.com\/product\/egoiste-platinum\/"},"modified":"2020-12-06T15:47:01","modified_gmt":"2020-12-06T13:47:01","slug":"egoiste-platinum","status":"publish","type":"product","link":"https:\/\/tajperf.com\/en\/product\/egoiste-platinum\/","title":{"rendered":"Chanel \u00c9go\u00efste Platinum Perfume Alternative for Men &#8211; Composition"},"content":{"rendered":"<p style=\"text-align: justify;\">Chanel \u00c9go\u00efste Platinum perfume for men is one of the most beautiful perfumes that show the meaning of classicism in a professional way that everyone likes. Starting with lavender, neroli, and orange leaf oil or petitgrain, and from this distinctive opening, the fragrance derives its classicism, and as it appears, the opening is mostly acidic, and then In the heart of the fragrance, the scent of pepper with a scent similar to glue, and the distinctive geranium flower that relaxes the nerves with the sage plant. Hence, the fragrance derives its distinction and privacy. At the base of the fragrance, amber and oakmoss play<\/p>\n","protected":false},"excerpt":{"rendered":"<p style=\"text-align: justify;\">The beginning with lavender, neroli, and orange leaf oil, and then in the heart of the fragrance is a peppery scent with a gum-like scent, and the distinctive geranium flower that relaxes the nerves with the sage plant. At the base of the fragrance, amber and oakmoss play <\/p>\n","protected":false},"featured_media":58025,"comment_status":"open","ping_status":"closed","template":"","meta":{"_acf_changed":false},"pwb-brand":[],"product_brand":[],"product_cat":[1156],"product_tag":[1472],"class_list":{"0":"post-80398","1":"product","2":"type-product","3":"status-publish","4":"has-post-thumbnail","6":"product_cat-mix-perfume","7":"product_tag-chanel-en","8":"pa_bottle-shap-100-1-en","9":"pa_bottle-shap-110-1-en","10":"pa_bottle-shap-110-2-en","11":"pa_bottle-shap-110-3-en","12":"pa_bottle-shap-110-4-en","13":"pa_bottle-shap-110-5-en","14":"pa_bottle-shap-110-6-en","15":"pa_bottle-shap-50-1-en","16":"pa_bottle-shap-65-1-en","17":"pa_bottle-shap-65-2-en","18":"pa_bottle-shap-65-3-en","19":"pa_bottle-shap-65-4-en","20":"pa_bottle-size-100-ml","21":"pa_bottle-size-50-ml","22":"pa_bottle-size-65-ml","23":"pa_bottle-size-110-ml","24":"pa_gender-men-perfumes","25":"pa_perf-group-aromatic-perf","26":"pa_perf-group-citrus-perf","27":"pa_perf-group-oriental-perf","28":"pa_perf-x-x","29":"pa_perf-x-xxx","30":"pa_perf-x-xxxx","31":"pa_perf-x-xx","32":"pa_season-autumn","33":"pa_season-spring","34":"pa_season-summer","35":"pa_season-winter","37":"first","38":"instock","39":"shipping-taxable","40":"purchasable","41":"product-type-variable"},"acf":[],"yoast_head":"<!-- This site is optimized with the Yoast SEO plugin v27.3 - https:\/\/yoast.com\/product\/yoast-seo-wordpress\/ -->\n<title>Chanel \u00c9go\u00efste Platinum Perfume Alternative for Men - Composition - TAJ Brand<\/title>\n<meta name=\"description\" content=\"Chanel \u00c9go\u00efste Platinum perfume for men is one of the most beautiful perfumes that show the meaning of classicism in a professional way that everyone likes.\" \/>\n<meta name=\"robots\" content=\"index, follow, max-snippet:-1, max-image-preview:large, max-video-preview:-1\" \/>\n<link rel=\"canonical\" href=\"https:\/\/tajperf.com\/en\/product\/egoiste-platinum\/\" \/>\n<meta property=\"og:locale\" content=\"en_US\" \/>\n<meta property=\"og:type\" content=\"article\" \/>\n<meta property=\"og:title\" content=\"Chanel \u00c9go\u00efste Platinum Perfume Alternative for Men - Composition - TAJ Brand\" \/>\n<meta property=\"og:description\" content=\"Chanel \u00c9go\u00efste Platinum perfume for men is one of the most beautiful perfumes that show the meaning of classicism in a professional way that everyone likes.\" \/>\n<meta property=\"og:url\" content=\"https:\/\/tajperf.com\/en\/product\/egoiste-platinum\/\" \/>\n<meta property=\"og:site_name\" content=\"TAJ Brand\" \/>\n<meta property=\"article:publisher\" content=\"https:\/\/www.facebook.com\/Tajperf\/\" \/>\n<meta property=\"og:image\" content=\"https:\/\/i0.wp.com\/tajperf.com\/wp-content\/uploads\/2020\/12\/Egoiste-Platinum.png?fit=500%2C400&ssl=1\" \/>\n\t<meta property=\"og:image:width\" content=\"500\" \/>\n\t<meta property=\"og:image:height\" content=\"400\" \/>\n\t<meta property=\"og:image:type\" content=\"image\/png\" \/>\n<meta name=\"twitter:card\" content=\"summary_large_image\" \/>\n<meta name=\"twitter:label1\" content=\"Est. reading time\" \/>\n\t<meta name=\"twitter:data1\" content=\"1 minute\" \/>\n<script type=\"application\/ld+json\" class=\"yoast-schema-graph\">{\"@context\":\"https:\\\/\\\/schema.org\",\"@graph\":[{\"@type\":\"WebPage\",\"@id\":\"https:\\\/\\\/tajperf.com\\\/en\\\/product\\\/egoiste-platinum\\\/\",\"url\":\"https:\\\/\\\/tajperf.com\\\/en\\\/product\\\/egoiste-platinum\\\/\",\"name\":\"Chanel \u00c9go\u00efste Platinum Perfume Alternative for Men - Composition - TAJ Brand\",\"isPartOf\":{\"@id\":\"https:\\\/\\\/tajperf.com\\\/en\\\/#website\"},\"primaryImageOfPage\":{\"@id\":\"https:\\\/\\\/tajperf.com\\\/en\\\/product\\\/egoiste-platinum\\\/#primaryimage\"},\"image\":{\"@id\":\"https:\\\/\\\/tajperf.com\\\/en\\\/product\\\/egoiste-platinum\\\/#primaryimage\"},\"thumbnailUrl\":\"https:\\\/\\\/i0.wp.com\\\/tajperf.com\\\/wp-content\\\/uploads\\\/2020\\\/12\\\/Egoiste-Platinum.png?fit=500%2C400&ssl=1\",\"datePublished\":\"2020-12-06T13:47:01+00:00\",\"description\":\"Chanel \u00c9go\u00efste Platinum perfume for men is one of the most beautiful perfumes that show the meaning of classicism in a professional way that everyone likes.\",\"breadcrumb\":{\"@id\":\"https:\\\/\\\/tajperf.com\\\/en\\\/product\\\/egoiste-platinum\\\/#breadcrumb\"},\"inLanguage\":\"en-US\",\"potentialAction\":[{\"@type\":\"ReadAction\",\"target\":[\"https:\\\/\\\/tajperf.com\\\/en\\\/product\\\/egoiste-platinum\\\/\"]}]},{\"@type\":\"ImageObject\",\"inLanguage\":\"en-US\",\"@id\":\"https:\\\/\\\/tajperf.com\\\/en\\\/product\\\/egoiste-platinum\\\/#primaryimage\",\"url\":\"https:\\\/\\\/i0.wp.com\\\/tajperf.com\\\/wp-content\\\/uploads\\\/2020\\\/12\\\/Egoiste-Platinum.png?fit=500%2C400&ssl=1\",\"contentUrl\":\"https:\\\/\\\/i0.wp.com\\\/tajperf.com\\\/wp-content\\\/uploads\\\/2020\\\/12\\\/Egoiste-Platinum.png?fit=500%2C400&ssl=1\",\"width\":500,\"height\":400},{\"@type\":\"BreadcrumbList\",\"@id\":\"https:\\\/\\\/tajperf.com\\\/en\\\/product\\\/egoiste-platinum\\\/#breadcrumb\",\"itemListElement\":[{\"@type\":\"ListItem\",\"position\":1,\"name\":\"Home\",\"item\":\"https:\\\/\\\/tajperf.com\\\/en\\\/taj\\\/\"},{\"@type\":\"ListItem\",\"position\":2,\"name\":\"Shop\",\"item\":\"https:\\\/\\\/tajperf.com\\\/en\\\/shop-2\\\/\"},{\"@type\":\"ListItem\",\"position\":3,\"name\":\"Chanel \u00c9go\u00efste Platinum Perfume Alternative for Men &#8211; Composition\"}]},{\"@type\":\"WebSite\",\"@id\":\"https:\\\/\\\/tajperf.com\\\/en\\\/#website\",\"url\":\"https:\\\/\\\/tajperf.com\\\/en\\\/\",\"name\":\"Taj Pefumes \u062a\u0627\u062c \u0644\u0644\u0639\u0637\u0648\u0631\",\"description\":\"TAJ | Shop Perfumes | Silver | Watches | Jordan\",\"publisher\":{\"@id\":\"https:\\\/\\\/tajperf.com\\\/en\\\/#organization\"},\"potentialAction\":[{\"@type\":\"SearchAction\",\"target\":{\"@type\":\"EntryPoint\",\"urlTemplate\":\"https:\\\/\\\/tajperf.com\\\/en\\\/?s={search_term_string}\"},\"query-input\":{\"@type\":\"PropertyValueSpecification\",\"valueRequired\":true,\"valueName\":\"search_term_string\"}}],\"inLanguage\":\"en-US\"},{\"@type\":\"Organization\",\"@id\":\"https:\\\/\\\/tajperf.com\\\/en\\\/#organization\",\"name\":\"Taj Perf \u062a\u0627\u062c \u0644\u0644\u0639\u0637\u0648\u0631\",\"url\":\"https:\\\/\\\/tajperf.com\\\/en\\\/\",\"logo\":{\"@type\":\"ImageObject\",\"inLanguage\":\"en-US\",\"@id\":\"https:\\\/\\\/tajperf.com\\\/en\\\/#\\\/schema\\\/logo\\\/image\\\/\",\"url\":\"https:\\\/\\\/i0.wp.com\\\/tajperf.com\\\/wp-content\\\/uploads\\\/2020\\\/10\\\/taj-logo-WS-e1604261449442.jpg?fit=90%2C55&ssl=1\",\"contentUrl\":\"https:\\\/\\\/i0.wp.com\\\/tajperf.com\\\/wp-content\\\/uploads\\\/2020\\\/10\\\/taj-logo-WS-e1604261449442.jpg?fit=90%2C55&ssl=1\",\"width\":90,\"height\":55,\"caption\":\"Taj Perf \u062a\u0627\u062c \u0644\u0644\u0639\u0637\u0648\u0631\"},\"image\":{\"@id\":\"https:\\\/\\\/tajperf.com\\\/en\\\/#\\\/schema\\\/logo\\\/image\\\/\"},\"sameAs\":[\"https:\\\/\\\/www.facebook.com\\\/Tajperf\\\/\",\"https:\\\/\\\/www.instagram.com\\\/Tajperf\\\/\"]}]}<\/script>\n<!-- \/ Yoast SEO plugin. -->","yoast_head_json":{"title":"Chanel \u00c9go\u00efste Platinum Perfume Alternative for Men - Composition - TAJ Brand","description":"Chanel \u00c9go\u00efste Platinum perfume for men is one of the most beautiful perfumes that show the meaning of classicism in a professional way that everyone likes.","robots":{"index":"index","follow":"follow","max-snippet":"max-snippet:-1","max-image-preview":"max-image-preview:large","max-video-preview":"max-video-preview:-1"},"canonical":"https:\/\/tajperf.com\/en\/product\/egoiste-platinum\/","og_locale":"en_US","og_type":"article","og_title":"Chanel \u00c9go\u00efste Platinum Perfume Alternative for Men - Composition - TAJ Brand","og_description":"Chanel \u00c9go\u00efste Platinum perfume for men is one of the most beautiful perfumes that show the meaning of classicism in a professional way that everyone likes.","og_url":"https:\/\/tajperf.com\/en\/product\/egoiste-platinum\/","og_site_name":"TAJ Brand","article_publisher":"https:\/\/www.facebook.com\/Tajperf\/","og_image":[{"width":500,"height":400,"url":"https:\/\/i0.wp.com\/tajperf.com\/wp-content\/uploads\/2020\/12\/Egoiste-Platinum.png?fit=500%2C400&ssl=1","type":"image\/png"}],"twitter_card":"summary_large_image","twitter_misc":{"Est. reading time":"1 minute"},"schema":{"@context":"https:\/\/schema.org","@graph":[{"@type":"WebPage","@id":"https:\/\/tajperf.com\/en\/product\/egoiste-platinum\/","url":"https:\/\/tajperf.com\/en\/product\/egoiste-platinum\/","name":"Chanel \u00c9go\u00efste Platinum Perfume Alternative for Men - Composition - TAJ Brand","isPartOf":{"@id":"https:\/\/tajperf.com\/en\/#website"},"primaryImageOfPage":{"@id":"https:\/\/tajperf.com\/en\/product\/egoiste-platinum\/#primaryimage"},"image":{"@id":"https:\/\/tajperf.com\/en\/product\/egoiste-platinum\/#primaryimage"},"thumbnailUrl":"https:\/\/i0.wp.com\/tajperf.com\/wp-content\/uploads\/2020\/12\/Egoiste-Platinum.png?fit=500%2C400&ssl=1","datePublished":"2020-12-06T13:47:01+00:00","description":"Chanel \u00c9go\u00efste Platinum perfume for men is one of the most beautiful perfumes that show the meaning of classicism in a professional way that everyone likes.","breadcrumb":{"@id":"https:\/\/tajperf.com\/en\/product\/egoiste-platinum\/#breadcrumb"},"inLanguage":"en-US","potentialAction":[{"@type":"ReadAction","target":["https:\/\/tajperf.com\/en\/product\/egoiste-platinum\/"]}]},{"@type":"ImageObject","inLanguage":"en-US","@id":"https:\/\/tajperf.com\/en\/product\/egoiste-platinum\/#primaryimage","url":"https:\/\/i0.wp.com\/tajperf.com\/wp-content\/uploads\/2020\/12\/Egoiste-Platinum.png?fit=500%2C400&ssl=1","contentUrl":"https:\/\/i0.wp.com\/tajperf.com\/wp-content\/uploads\/2020\/12\/Egoiste-Platinum.png?fit=500%2C400&ssl=1","width":500,"height":400},{"@type":"BreadcrumbList","@id":"https:\/\/tajperf.com\/en\/product\/egoiste-platinum\/#breadcrumb","itemListElement":[{"@type":"ListItem","position":1,"name":"Home","item":"https:\/\/tajperf.com\/en\/taj\/"},{"@type":"ListItem","position":2,"name":"Shop","item":"https:\/\/tajperf.com\/en\/shop-2\/"},{"@type":"ListItem","position":3,"name":"Chanel \u00c9go\u00efste Platinum Perfume Alternative for Men &#8211; Composition"}]},{"@type":"WebSite","@id":"https:\/\/tajperf.com\/en\/#website","url":"https:\/\/tajperf.com\/en\/","name":"Taj Pefumes \u062a\u0627\u062c \u0644\u0644\u0639\u0637\u0648\u0631","description":"TAJ | Shop Perfumes | Silver | Watches | Jordan","publisher":{"@id":"https:\/\/tajperf.com\/en\/#organization"},"potentialAction":[{"@type":"SearchAction","target":{"@type":"EntryPoint","urlTemplate":"https:\/\/tajperf.com\/en\/?s={search_term_string}"},"query-input":{"@type":"PropertyValueSpecification","valueRequired":true,"valueName":"search_term_string"}}],"inLanguage":"en-US"},{"@type":"Organization","@id":"https:\/\/tajperf.com\/en\/#organization","name":"Taj Perf \u062a\u0627\u062c \u0644\u0644\u0639\u0637\u0648\u0631","url":"https:\/\/tajperf.com\/en\/","logo":{"@type":"ImageObject","inLanguage":"en-US","@id":"https:\/\/tajperf.com\/en\/#\/schema\/logo\/image\/","url":"https:\/\/i0.wp.com\/tajperf.com\/wp-content\/uploads\/2020\/10\/taj-logo-WS-e1604261449442.jpg?fit=90%2C55&ssl=1","contentUrl":"https:\/\/i0.wp.com\/tajperf.com\/wp-content\/uploads\/2020\/10\/taj-logo-WS-e1604261449442.jpg?fit=90%2C55&ssl=1","width":90,"height":55,"caption":"Taj Perf \u062a\u0627\u062c \u0644\u0644\u0639\u0637\u0648\u0631"},"image":{"@id":"https:\/\/tajperf.com\/en\/#\/schema\/logo\/image\/"},"sameAs":["https:\/\/www.facebook.com\/Tajperf\/","https:\/\/www.instagram.com\/Tajperf\/"]}]}},"jetpack_sharing_enabled":true,"brands":[],"_links":{"self":[{"href":"https:\/\/tajperf.com\/en\/wp-json\/wp\/v2\/product\/80398","targetHints":{"allow":["GET"]}}],"collection":[{"href":"https:\/\/tajperf.com\/en\/wp-json\/wp\/v2\/product"}],"about":[{"href":"https:\/\/tajperf.com\/en\/wp-json\/wp\/v2\/types\/product"}],"replies":[{"embeddable":true,"href":"https:\/\/tajperf.com\/en\/wp-json\/wp\/v2\/comments?post=80398"}],"wp:featuredmedia":[{"embeddable":true,"href":"https:\/\/tajperf.com\/en\/wp-json\/wp\/v2\/media\/58025"}],"wp:attachment":[{"href":"https:\/\/tajperf.com\/en\/wp-json\/wp\/v2\/media?parent=80398"}],"wp:term":[{"taxonomy":"pwb-brand","embeddable":true,"href":"https:\/\/tajperf.com\/en\/wp-json\/wp\/v2\/pwb-brand?post=80398"},{"taxonomy":"product_brand","embeddable":true,"href":"https:\/\/tajperf.com\/en\/wp-json\/wp\/v2\/product_brand?post=80398"},{"taxonomy":"product_cat","embeddable":true,"href":"https:\/\/tajperf.com\/en\/wp-json\/wp\/v2\/product_cat?post=80398"},{"taxonomy":"product_tag","embeddable":true,"href":"https:\/\/tajperf.com\/en\/wp-json\/wp\/v2\/product_tag?post=80398"}],"curies":[{"name":"wp","href":"https:\/\/api.w.org\/{rel}","templated":true}]}}